{"id":987,"date":"2024-12-01T19:13:41","date_gmt":"2024-12-01T18:13:41","guid":{"rendered":"https:\/\/fasciopathiesresearchfoundation.org\/involucrat\/"},"modified":"2025-01-19T20:26:34","modified_gmt":"2025-01-19T19:26:34","slug":"involucrate","status":"publish","type":"page","link":"https:\/\/fasciopathiesresearchfoundation.org\/es\/involucrate\/","title":{"rendered":"Invol\u00facrate"},"content":{"rendered":"\t\t<div data-elementor-type=\"wp-page\" data-elementor-id=\"987\" class=\"elementor elementor-987 elementor-40\" data-elementor-post-type=\"page\">\n\t\t\t\t<div class=\"elementor-element elementor-element-a2c5916 e-flex e-con-boxed e-con e-parent\" data-id=\"a2c5916\" data-element_type=\"container\" data-settings=\"{&quot;background_background&quot;:&quot;classic&quot;}\">\n\t\t\t\t\t<div class=\"e-con-inner\">\n\t\t\t\t<div class=\"elementor-element elementor-element-089f1b9 elementor-widget elementor-widget-heading\" data-id=\"089f1b9\" data-element_type=\"widget\" data-widget_type=\"heading.default\">\n\t\t\t\t<div class=\"elementor-widget-container\">\n\t\t\t\t\t<h2 class=\"elementor-heading-title elementor-size-default\">Invol\u00facrate con nosotros<\/h2>\t\t\t\t<\/div>\n\t\t\t\t<\/div>\n\t\t\t\t\t<\/div>\n\t\t\t\t<\/div>\n\t\t<div class=\"elementor-element elementor-element-42b946b e-flex e-con-boxed e-con e-parent\" data-id=\"42b946b\" data-element_type=\"container\">\n\t\t\t\t\t<div class=\"e-con-inner\">\n\t\t\t\t<div class=\"elementor-element elementor-element-f1d1b8b elementor-widget__width-initial elementor-widget elementor-widget-text-editor\" data-id=\"f1d1b8b\" data-element_type=\"widget\" data-widget_type=\"text-editor.default\">\n\t\t\t\t<div class=\"elementor-widget-container\">\n\t\t\t\t\t\t\t\t\t<p>Te damos la bienvenida a la Fundaci\u00f3n para la Investigaci\u00f3n de las Fasciopat\u00edas. Tanto si eres paciente, investigador, profesional de la salud, estudiante o miembro de la comunidad, tu participaci\u00f3n es clave para lograr nuestro principal objetivo: transformar los resultados de los pacientes y mejorar la atenci\u00f3n sanitaria. \u00a1Descubre c\u00f3mo puedes contribuir y hagamos la diferencia juntos!<\/p>\t\t\t\t\t\t\t\t<\/div>\n\t\t\t\t<\/div>\n\t\t\t\t\t<\/div>\n\t\t\t\t<\/div>\n\t\t<div class=\"elementor-element elementor-element-fa99461 e-flex e-con-boxed e-con e-parent\" data-id=\"fa99461\" data-element_type=\"container\">\n\t\t\t\t\t<div class=\"e-con-inner\">\n\t\t<div class=\"elementor-element elementor-element-c6d65f6 e-con-full e-flex e-con e-child\" data-id=\"c6d65f6\" data-element_type=\"container\">\n\t\t\t\t<div class=\"elementor-element elementor-element-56dfb6e elementor-widget elementor-widget-heading\" data-id=\"56dfb6e\" data-element_type=\"widget\" data-widget_type=\"heading.default\">\n\t\t\t\t<div class=\"elementor-widget-container\">\n\t\t\t\t\t<h3 class=\"elementor-heading-title elementor-size-default\">Informaci\u00f3n de las distintas formas de membres\u00eda:<\/h3>\t\t\t\t<\/div>\n\t\t\t\t<\/div>\n\t\t\t\t<div class=\"elementor-element elementor-element-09821cd elementor-widget elementor-widget-n-accordion\" data-id=\"09821cd\" data-element_type=\"widget\" data-settings=\"{&quot;default_state&quot;:&quot;all_collapsed&quot;,&quot;max_items_expended&quot;:&quot;one&quot;,&quot;n_accordion_animation_duration&quot;:{&quot;unit&quot;:&quot;ms&quot;,&quot;size&quot;:400,&quot;sizes&quot;:[]}}\" data-widget_type=\"nested-accordion.default\">\n\t\t\t\t<div class=\"elementor-widget-container\">\n\t\t\t\t\t\t\t<div class=\"e-n-accordion\" aria-label=\"Accordion. Open links with Enter or Space, close with Escape, and navigate with Arrow Keys\">\n\t\t\t\t\t\t<details id=\"e-n-accordion-item-9970\" class=\"e-n-accordion-item\" >\n\t\t\t\t<summary class=\"e-n-accordion-item-title\" data-accordion-index=\"1\" tabindex=\"0\" aria-expanded=\"false\" aria-controls=\"e-n-accordion-item-9970\" >\n\t\t\t\t\t<span class='e-n-accordion-item-title-header'><div class=\"e-n-accordion-item-title-text\"> MEMBRES\u00cdA DE PACIENTES <\/div><\/span>\n\t\t\t\t\t\t\t<span class='e-n-accordion-item-title-icon'>\n\t\t\t<span class='e-opened' ><svg aria-hidden=\"true\" class=\"e-font-icon-svg e-fas-minus\" viewBox=\"0 0 448 512\" xmlns=\"http:\/\/www.w3.org\/2000\/svg\"><path d=\"M416 208H32c-17.67 0-32 14.33-32 32v32c0 17.67 14.33 32 32 32h384c17.67 0 32-14.33 32-32v-32c0-17.67-14.33-32-32-32z\"><\/path><\/svg><\/span>\n\t\t\t<span class='e-closed'><svg aria-hidden=\"true\" class=\"e-font-icon-svg e-fas-plus\" viewBox=\"0 0 448 512\" xmlns=\"http:\/\/www.w3.org\/2000\/svg\"><path d=\"M416 208H272V64c0-17.67-14.33-32-32-32h-32c-17.67 0-32 14.33-32 32v144H32c-17.67 0-32 14.33-32 32v32c0 17.67 14.33 32 32 32h144v144c0 17.67 14.33 32 32 32h32c17.67 0 32-14.33 32-32V304h144c17.67 0 32-14.33 32-32v-32c0-17.67-14.33-32-32-32z\"><\/path><\/svg><\/span>\n\t\t<\/span>\n\n\t\t\t\t\t\t<\/summary>\n\t\t\t\t<div role=\"region\" aria-labelledby=\"e-n-accordion-item-9970\" class=\"elementor-element elementor-element-8d579b3 e-con-full e-flex e-con e-child\" data-id=\"8d579b3\" data-element_type=\"container\">\n\t\t\t\t<div class=\"elementor-element elementor-element-a5f2abe elementor-widget elementor-widget-text-editor\" data-id=\"a5f2abe\" data-element_type=\"widget\" data-widget_type=\"text-editor.default\">\n\t\t\t\t<div class=\"elementor-widget-container\">\n\t\t\t\t\t\t\t\t\t<p>Si eres paciente o familiar, te animamos a unirte, de manera gratuita,\u00a0 a nuestra Asociaci\u00f3n de Pacientes con Fasciopat\u00edas. Con un mayor n\u00famero de miembros, tenemos m\u00e1s fuerza para abogar por subvenciones y donaciones, ayud\u00e1ndonos a avanzar en nuestra causa. Solo tienes que rellenar el formulario, y te mantendremos informado\/a de todas las acciones y actividades que llevamos a cabo.<\/p>\t\t\t\t\t\t\t\t<\/div>\n\t\t\t\t<\/div>\n\t\t\t\t<\/div>\n\t\t\t\t\t<\/details>\n\t\t\t\t\t\t<details id=\"e-n-accordion-item-9971\" class=\"e-n-accordion-item\" >\n\t\t\t\t<summary class=\"e-n-accordion-item-title\" data-accordion-index=\"2\" tabindex=\"-1\" aria-expanded=\"false\" aria-controls=\"e-n-accordion-item-9971\" >\n\t\t\t\t\t<span class='e-n-accordion-item-title-header'><div class=\"e-n-accordion-item-title-text\"> MEMBRES\u00cdA PROFESIONAL <\/div><\/span>\n\t\t\t\t\t\t\t<span class='e-n-accordion-item-title-icon'>\n\t\t\t<span class='e-opened' ><svg aria-hidden=\"true\" class=\"e-font-icon-svg e-fas-minus\" viewBox=\"0 0 448 512\" xmlns=\"http:\/\/www.w3.org\/2000\/svg\"><path d=\"M416 208H32c-17.67 0-32 14.33-32 32v32c0 17.67 14.33 32 32 32h384c17.67 0 32-14.33 32-32v-32c0-17.67-14.33-32-32-32z\"><\/path><\/svg><\/span>\n\t\t\t<span class='e-closed'><svg aria-hidden=\"true\" class=\"e-font-icon-svg e-fas-plus\" viewBox=\"0 0 448 512\" xmlns=\"http:\/\/www.w3.org\/2000\/svg\"><path d=\"M416 208H272V64c0-17.67-14.33-32-32-32h-32c-17.67 0-32 14.33-32 32v144H32c-17.67 0-32 14.33-32 32v32c0 17.67 14.33 32 32 32h144v144c0 17.67 14.33 32 32 32h32c17.67 0 32-14.33 32-32V304h144c17.67 0 32-14.33 32-32v-32c0-17.67-14.33-32-32-32z\"><\/path><\/svg><\/span>\n\t\t<\/span>\n\n\t\t\t\t\t\t<\/summary>\n\t\t\t\t<div role=\"region\" aria-labelledby=\"e-n-accordion-item-9971\" class=\"elementor-element elementor-element-f5a8566 e-con-full e-flex e-con e-child\" data-id=\"f5a8566\" data-element_type=\"container\">\n\t\t\t\t<div class=\"elementor-element elementor-element-f511762 elementor-widget elementor-widget-text-editor\" data-id=\"f511762\" data-element_type=\"widget\" data-widget_type=\"text-editor.default\">\n\t\t\t\t<div class=\"elementor-widget-container\">\n\t\t\t\t\t\t\t\t\t<p>Si eres un profesional de la salud o representas una instituci\u00f3n, aprovecha esta oportunidad para colaborar con nuestra Fundaci\u00f3n. Comparte con nosotros tus necesidades y propuestas, y \u00fanete a nuestra base de datos de profesionales e instituciones especializadas en el conocimiento de las fasciopat\u00edas. Recibir\u00e1s informaci\u00f3n sobre presentaciones y conferencias que te ayudar\u00e1n a mejorar tu formaci\u00f3n profesional y a marcar la diferencia en la atenci\u00f3n a los pacientes.<\/p>\t\t\t\t\t\t\t\t<\/div>\n\t\t\t\t<\/div>\n\t\t\t\t<\/div>\n\t\t\t\t\t<\/details>\n\t\t\t\t\t\t<details id=\"e-n-accordion-item-9972\" class=\"e-n-accordion-item\" >\n\t\t\t\t<summary class=\"e-n-accordion-item-title\" data-accordion-index=\"3\" tabindex=\"-1\" aria-expanded=\"false\" aria-controls=\"e-n-accordion-item-9972\" >\n\t\t\t\t\t<span class='e-n-accordion-item-title-header'><div class=\"e-n-accordion-item-title-text\"> MEMBRES\u00cdA DE INVESTIGADORES <\/div><\/span>\n\t\t\t\t\t\t\t<span class='e-n-accordion-item-title-icon'>\n\t\t\t<span class='e-opened' ><svg aria-hidden=\"true\" class=\"e-font-icon-svg e-fas-minus\" viewBox=\"0 0 448 512\" xmlns=\"http:\/\/www.w3.org\/2000\/svg\"><path d=\"M416 208H32c-17.67 0-32 14.33-32 32v32c0 17.67 14.33 32 32 32h384c17.67 0 32-14.33 32-32v-32c0-17.67-14.33-32-32-32z\"><\/path><\/svg><\/span>\n\t\t\t<span class='e-closed'><svg aria-hidden=\"true\" class=\"e-font-icon-svg e-fas-plus\" viewBox=\"0 0 448 512\" xmlns=\"http:\/\/www.w3.org\/2000\/svg\"><path d=\"M416 208H272V64c0-17.67-14.33-32-32-32h-32c-17.67 0-32 14.33-32 32v144H32c-17.67 0-32 14.33-32 32v32c0 17.67 14.33 32 32 32h144v144c0 17.67 14.33 32 32 32h32c17.67 0 32-14.33 32-32V304h144c17.67 0 32-14.33 32-32v-32c0-17.67-14.33-32-32-32z\"><\/path><\/svg><\/span>\n\t\t<\/span>\n\n\t\t\t\t\t\t<\/summary>\n\t\t\t\t<div role=\"region\" aria-labelledby=\"e-n-accordion-item-9972\" class=\"elementor-element elementor-element-c8e240f e-con-full e-flex e-con e-child\" data-id=\"c8e240f\" data-element_type=\"container\">\n\t\t\t\t<div class=\"elementor-element elementor-element-452c407 elementor-widget elementor-widget-text-editor\" data-id=\"452c407\" data-element_type=\"widget\" data-widget_type=\"text-editor.default\">\n\t\t\t\t<div class=\"elementor-widget-container\">\n\t\t\t\t\t\t\t\t\t<p>Si eres investigador\/a o deseas formar parte de un equipo de investigaci\u00f3n, explora las m\u00faltiples v\u00edas de colaboraci\u00f3n que ofrecemos. \u00danete a nuestra red colaborativa, que facilita la difusi\u00f3n de tu investigaci\u00f3n sobre fasciopat\u00edas a un p\u00fablico m\u00e1s amplio. Tambi\u00e9n puedes considerar la posibilidad de integrarte en nuestro Comit\u00e9 Cient\u00edfico Asesor o investigar junto a nosotros en alguno de los proyectos que tenemos en marcha.<\/p>\t\t\t\t\t\t\t\t<\/div>\n\t\t\t\t<\/div>\n\t\t\t\t<\/div>\n\t\t\t\t\t<\/details>\n\t\t\t\t\t<\/div>\n\t\t\t\t\t\t<\/div>\n\t\t\t\t<\/div>\n\t\t\t\t<\/div>\n\t\t<div class=\"elementor-element elementor-element-c57a207 e-con-full e-flex e-con e-child\" data-id=\"c57a207\" data-element_type=\"container\">\n\t\t\t\t<div class=\"elementor-element elementor-element-d28c0e1 elementor-widget elementor-widget-heading\" data-id=\"d28c0e1\" data-element_type=\"widget\" data-widget_type=\"heading.default\">\n\t\t\t\t<div class=\"elementor-widget-container\">\n\t\t\t\t\t<h3 class=\"elementor-heading-title elementor-size-default\">FORMULARIO<\/h3>\t\t\t\t<\/div>\n\t\t\t\t<\/div>\n\t\t\t\t<div class=\"elementor-element elementor-element-ff4b20d dd-ele-form elementor-button-align-stretch elementor-widget elementor-widget-form\" data-id=\"ff4b20d\" data-element_type=\"widget\" data-settings=\"{&quot;button_width&quot;:&quot;33&quot;,&quot;step_next_label&quot;:&quot;Next&quot;,&quot;step_previous_label&quot;:&quot;Previous&quot;,&quot;step_type&quot;:&quot;number_text&quot;,&quot;step_icon_shape&quot;:&quot;circle&quot;}\" data-widget_type=\"form.default\">\n\t\t\t\t<div class=\"elementor-widget-container\">\n\t\t\t\t\t\t\t<form class=\"elementor-form\" method=\"post\" name=\"Contacte\">\n\t\t\t<input type=\"hidden\" name=\"post_id\" value=\"987\"\/>\n\t\t\t<input type=\"hidden\" name=\"form_id\" value=\"ff4b20d\"\/>\n\t\t\t<input type=\"hidden\" name=\"referer_title\" value=\"Invol\u00facrate\" \/>\n\n\t\t\t\t\t\t\t<input type=\"hidden\" name=\"queried_id\" value=\"987\"\/>\n\t\t\t\n\t\t\t<div class=\"elementor-form-fields-wrapper elementor-labels-above\">\n\t\t\t\t\t\t\t\t<div class=\"elementor-field-type-text elementor-field-group elementor-column elementor-field-group-name elementor-col-100 elementor-field-required\">\n\t\t\t\t\t\t\t\t\t\t\t\t\t<input size=\"1\" type=\"text\" name=\"form_fields[name]\" id=\"form-field-name\" class=\"elementor-field elementor-size-md  elementor-field-textual\" placeholder=\"Nombre y apellidos\" required=\"required\" aria-required=\"true\">\n\t\t\t\t\t\t\t\t\t\t\t<\/div>\n\t\t\t\t\t\t\t\t<div class=\"elementor-field-type-email elementor-field-group elementor-column elementor-field-group-email elementor-col-100 elementor-field-required\">\n\t\t\t\t\t\t\t\t\t\t\t\t\t<input size=\"1\" type=\"email\" name=\"form_fields[email]\" id=\"form-field-email\" class=\"elementor-field elementor-size-md  elementor-field-textual\" placeholder=\"Correo electr\u00f3nico\" required=\"required\" aria-required=\"true\">\n\t\t\t\t\t\t\t\t\t\t\t<\/div>\n\t\t\t\t\t\t\t\t<div class=\"elementor-field-type-tel elementor-field-group elementor-column elementor-field-group-field_78581a6 elementor-col-100 elementor-field-required\">\n\t\t\t\t\t\t\t<input size=\"1\" type=\"tel\" name=\"form_fields[field_78581a6]\" id=\"form-field-field_78581a6\" class=\"elementor-field elementor-size-md  elementor-field-textual\" placeholder=\"Tel\u00e9fono\" required=\"required\" aria-required=\"true\" pattern=\"[0-9()#&amp;+*-=.]+\" title=\"Solo se aceptan n\u00fameros y caracteres de tel\u00e9fono (#,-,*,etc).\">\n\n\t\t\t\t\t\t<\/div>\n\t\t\t\t\t\t\t\t<div class=\"elementor-field-type-radio elementor-field-group elementor-column elementor-field-group-field_8d12ffa elementor-col-100 elementor-field-required\">\n\t\t\t\t\t\t\t\t\t\t\t\t<label for=\"form-field-field_8d12ffa\" class=\"elementor-field-label\">\n\t\t\t\t\t\t\t\tPor favor, escoge tu opci\u00f3n:\t\t\t\t\t\t\t<\/label>\n\t\t\t\t\t\t<div class=\"elementor-field-subgroup  elementor-subgroup-inline\"><span class=\"elementor-field-option\"><input type=\"radio\" value=\"Pacient e\" id=\"form-field-field_8d12ffa-0\" name=\"form_fields[field_8d12ffa]\" required=\"required\" aria-required=\"true\"> <label for=\"form-field-field_8d12ffa-0\">Pacient e<\/label><\/span><span class=\"elementor-field-option\"><input type=\"radio\" value=\"Profesional\" id=\"form-field-field_8d12ffa-1\" name=\"form_fields[field_8d12ffa]\" required=\"required\" aria-required=\"true\"> <label for=\"form-field-field_8d12ffa-1\">Profesional<\/label><\/span><span class=\"elementor-field-option\"><input type=\"radio\" value=\"Investigador \/a\" id=\"form-field-field_8d12ffa-2\" name=\"form_fields[field_8d12ffa]\" required=\"required\" aria-required=\"true\"> <label for=\"form-field-field_8d12ffa-2\">Investigador \/a<\/label><\/span><\/div>\t\t\t\t<\/div>\n\t\t\t\t\t\t\t\t<div class=\"elementor-field-type-textarea elementor-field-group elementor-column elementor-field-group-message elementor-col-100 elementor-field-required\">\n\t\t\t\t\t<textarea class=\"elementor-field-textual elementor-field  elementor-size-md\" name=\"form_fields[message]\" id=\"form-field-message\" rows=\"4\" placeholder=\"Mensaje\" required=\"required\" aria-required=\"true\"><\/textarea>\t\t\t\t<\/div>\n\t\t\t\t\t\t\t\t<div class=\"elementor-field-type-acceptance elementor-field-group elementor-column elementor-field-group-field_9140772 elementor-col-100\">\n\t\t\t\t\t\t\t<div class=\"elementor-field-subgroup\">\n\t\t\t<span class=\"elementor-field-option\">\n\t\t\t\t<input type=\"checkbox\" name=\"form_fields[field_9140772]\" id=\"form-field-field_9140772\" class=\"elementor-field elementor-size-md  elementor-acceptance-field\">\n\t\t\t\t<label for=\"form-field-field_9140772\">Acepto la pol\u00edtica de privacidad y protecci\u00f3n de datos de esta p\u00e1gina web<\/label>\t\t\t<\/span>\n\t\t<\/div>\n\t\t\t\t\t\t<\/div>\n\t\t\t\t\t\t\t\t<div class=\"elementor-field-type-recaptcha_v3 elementor-field-group elementor-column elementor-field-group-field_d3e0aca elementor-col-100 recaptcha_v3-bottomright\">\n\t\t\t\t\t<div class=\"elementor-field\" id=\"form-field-field_d3e0aca\"><div class=\"elementor-g-recaptcha\" data-sitekey=\"6LdOeI8qAAAAAGstn0oeGQDlNsHZ8BJzGJ4YhGFD\" data-type=\"v3\" data-action=\"Form\" data-badge=\"bottomright\" data-size=\"invisible\"><\/div><\/div>\t\t\t\t<\/div>\n\t\t\t\t\t\t\t\t<div class=\"elementor-field-group elementor-column elementor-field-type-submit elementor-col-33 e-form__buttons\">\n\t\t\t\t\t<button class=\"elementor-button elementor-size-sm\" type=\"submit\">\n\t\t\t\t\t\t<span class=\"elementor-button-content-wrapper\">\n\t\t\t\t\t\t\t\t\t\t\t\t\t\t\t\t\t\t\t\t\t\t<span class=\"elementor-button-text\">Enviar<\/span>\n\t\t\t\t\t\t\t\t\t\t\t\t\t<\/span>\n\t\t\t\t\t<\/button>\n\t\t\t\t<\/div>\n\t\t\t<\/div>\n\t\t<\/form>\n\t\t\t\t\t\t<\/div>\n\t\t\t\t<\/div>\n\t\t\t\t<\/div>\n\t\t\t\t\t<\/div>\n\t\t\t\t<\/div>\n\t\t\t\t<\/div>\n\t\t","protected":false},"excerpt":{"rendered":"<p>Invol\u00facrate con nosotros Te damos la bienvenida a la Fundaci\u00f3n para la Investigaci\u00f3n de las Fasciopat\u00edas. Tanto si eres paciente, investigador, profesional de la salud, estudiante o miembro de la comunidad, tu participaci\u00f3n es clave para lograr nuestro principal objetivo: transformar los resultados de los pacientes y mejorar la atenci\u00f3n sanitaria. \u00a1Descubre c\u00f3mo puedes contribuir [&hellip;]<\/p>\n","protected":false},"author":1,"featured_media":0,"parent":0,"menu_order":7,"comment_status":"closed","ping_status":"closed","template":"","meta":{"footnotes":""},"class_list":["post-987","page","type-page","status-publish","hentry"],"_links":{"self":[{"href":"https:\/\/fasciopathiesresearchfoundation.org\/es\/wp-json\/wp\/v2\/pages\/987","targetHints":{"allow":["GET"]}}],"collection":[{"href":"https:\/\/fasciopathiesresearchfoundation.org\/es\/wp-json\/wp\/v2\/pages"}],"about":[{"href":"https:\/\/fasciopathiesresearchfoundation.org\/es\/wp-json\/wp\/v2\/types\/page"}],"author":[{"embeddable":true,"href":"https:\/\/fasciopathiesresearchfoundation.org\/es\/wp-json\/wp\/v2\/users\/1"}],"replies":[{"embeddable":true,"href":"https:\/\/fasciopathiesresearchfoundation.org\/es\/wp-json\/wp\/v2\/comments?post=987"}],"version-history":[{"count":7,"href":"https:\/\/fasciopathiesresearchfoundation.org\/es\/wp-json\/wp\/v2\/pages\/987\/revisions"}],"predecessor-version":[{"id":1253,"href":"https:\/\/fasciopathiesresearchfoundation.org\/es\/wp-json\/wp\/v2\/pages\/987\/revisions\/1253"}],"wp:attachment":[{"href":"https:\/\/fasciopathiesresearchfoundation.org\/es\/wp-json\/wp\/v2\/media?parent=987"}],"curies":[{"name":"wp","href":"https:\/\/api.w.org\/{rel}","templated":true}]}}