{"id":27,"date":"2024-12-01T19:10:13","date_gmt":"2024-12-01T18:10:13","guid":{"rendered":"http:\/\/fasciopathiesresearchfoundation.org\/fasciopathies-research-foundation\/"},"modified":"2024-12-16T17:40:34","modified_gmt":"2024-12-16T16:40:34","slug":"fasciopathies-research-foundation","status":"publish","type":"page","link":"https:\/\/fasciopathiesresearchfoundation.org\/es\/","title":{"rendered":"Fasciopathies Research Foundation"},"content":{"rendered":"\t\t<div data-elementor-type=\"wp-page\" data-elementor-id=\"27\" class=\"elementor elementor-27 elementor-24\" data-elementor-post-type=\"page\">\n\t\t\t\t<div class=\"elementor-element elementor-element-21b9534 e-flex e-con-boxed e-con e-parent\" data-id=\"21b9534\" data-element_type=\"container\" data-settings=\"{&quot;background_background&quot;:&quot;classic&quot;}\">\n\t\t\t\t\t<div class=\"e-con-inner\">\n\t\t\t\t<div class=\"elementor-element elementor-element-1a62a50 elementor-widget elementor-widget-heading\" data-id=\"1a62a50\" data-element_type=\"widget\" data-widget_type=\"heading.default\">\n\t\t\t\t<div class=\"elementor-widget-container\">\n\t\t\t\t\t<h2 class=\"elementor-heading-title elementor-size-default\">Fasciopathies Research Foundation<\/h2>\t\t\t\t<\/div>\n\t\t\t\t<\/div>\n\t\t\t\t<div class=\"elementor-element elementor-element-ca74934 elementor-widget__width-initial elementor-widget elementor-widget-heading\" data-id=\"ca74934\" data-element_type=\"widget\" data-widget_type=\"heading.default\">\n\t\t\t\t<div class=\"elementor-widget-container\">\n\t\t\t\t\t<h2 class=\"elementor-heading-title elementor-size-default\">Impulsando el cambio en la investigaci\u00f3n de las fasciopat\u00edas.<\/h2>\t\t\t\t<\/div>\n\t\t\t\t<\/div>\n\t\t\t\t\t<\/div>\n\t\t\t\t<\/div>\n\t\t<div class=\"elementor-element elementor-element-72dfda3 e-flex e-con-boxed e-con e-parent\" data-id=\"72dfda3\" data-element_type=\"container\">\n\t\t\t\t\t<div class=\"e-con-inner\">\n\t\t<div class=\"elementor-element elementor-element-643d46e e-con-full e-flex e-con e-child\" data-id=\"643d46e\" data-element_type=\"container\">\n\t\t\t\t<div class=\"elementor-element elementor-element-c01c7ac elementor-widget__width-initial elementor-widget elementor-widget-heading\" data-id=\"c01c7ac\" data-element_type=\"widget\" data-widget_type=\"heading.default\">\n\t\t\t\t<div class=\"elementor-widget-container\">\n\t\t\t\t\t<h2 class=\"elementor-heading-title elementor-size-default\">Nuestros principales objetivos son:<\/h2>\t\t\t\t<\/div>\n\t\t\t\t<\/div>\n\t\t\t\t<\/div>\n\t\t<div class=\"elementor-element elementor-element-0ee244a e-con-full e-flex e-con e-child\" data-id=\"0ee244a\" data-element_type=\"container\" data-settings=\"{&quot;background_background&quot;:&quot;classic&quot;}\">\n\t\t\t\t<div class=\"elementor-element elementor-element-cfdc091 elementor-widget__width-initial elementor-widget elementor-widget-heading\" data-id=\"cfdc091\" data-element_type=\"widget\" data-widget_type=\"heading.default\">\n\t\t\t\t<div class=\"elementor-widget-container\">\n\t\t\t\t\t<h5 class=\"elementor-heading-title elementor-size-default\"><font size=\"5\"><strong>Crear conciencia<\/strong><\/font> sobre la necesidad de estudiar la disfunci\u00f3n fascial.<\/h5>\t\t\t\t<\/div>\n\t\t\t\t<\/div>\n\t\t\t\t<div class=\"elementor-element elementor-element-728f9db elementor-widget__width-initial elementor-widget elementor-widget-heading\" data-id=\"728f9db\" data-element_type=\"widget\" data-widget_type=\"heading.default\">\n\t\t\t\t<div class=\"elementor-widget-container\">\n\t\t\t\t\t<h5 class=\"elementor-heading-title elementor-size-default\"><font size=\"5\"><strong>Establecernos<\/strong><\/font> como un punto de referencia para avanzar en la investigaci\u00f3n en esta \u00e1rea de la ciencia m\u00e9dica, a menudo ignorada.<\/h5>\t\t\t\t<\/div>\n\t\t\t\t<\/div>\n\t\t\t\t<div class=\"elementor-element elementor-element-12d051c elementor-widget__width-initial elementor-widget elementor-widget-heading\" data-id=\"12d051c\" data-element_type=\"widget\" data-widget_type=\"heading.default\">\n\t\t\t\t<div class=\"elementor-widget-container\">\n\t\t\t\t\t<h5 class=\"elementor-heading-title elementor-size-default\"><font size=\"5\"><strong>Desarrollar tratamientos<\/strong><\/font> innovadores que mejoren significativamente la salud y la calidad de vida de las personas afectadas por estas patolog\u00edas.<\/h5>\t\t\t\t<\/div>\n\t\t\t\t<\/div>\n\t\t\t\t<\/div>\n\t\t<div class=\"elementor-element elementor-element-99b3ad1 e-con-full elementor-hidden-mobile e-flex e-con e-child\" data-id=\"99b3ad1\" data-element_type=\"container\">\n\t\t\t\t<div class=\"elementor-element elementor-element-d1c0bf2 elementor-widget elementor-widget-image\" data-id=\"d1c0bf2\" data-element_type=\"widget\" data-widget_type=\"image.default\">\n\t\t\t\t<div class=\"elementor-widget-container\">\n\t\t\t\t\t\t\t\t\t\t\t\t\t\t\t<img fetchpriority=\"high\" decoding=\"async\" width=\"591\" height=\"591\" src=\"https:\/\/fasciopathiesresearchfoundation.org\/wp-content\/uploads\/2024\/12\/cercle-fundacio-transp.png\" class=\"attachment-full size-full wp-image-357\" alt=\"\" srcset=\"https:\/\/fasciopathiesresearchfoundation.org\/wp-content\/uploads\/2024\/12\/cercle-fundacio-transp.png 591w, https:\/\/fasciopathiesresearchfoundation.org\/wp-content\/uploads\/2024\/12\/cercle-fundacio-transp-300x300.png 300w, https:\/\/fasciopathiesresearchfoundation.org\/wp-content\/uploads\/2024\/12\/cercle-fundacio-transp-150x150.png 150w\" sizes=\"(max-width: 591px) 100vw, 591px\" \/>\t\t\t\t\t\t\t\t\t\t\t\t\t\t\t<\/div>\n\t\t\t\t<\/div>\n\t\t\t\t<\/div>\n\t\t\t\t\t<\/div>\n\t\t\t\t<\/div>\n\t\t<div class=\"elementor-element elementor-element-6cb097f e-flex e-con-boxed e-con e-parent\" data-id=\"6cb097f\" data-element_type=\"container\">\n\t\t\t\t\t<div class=\"e-con-inner\">\n\t\t\t\t<div class=\"elementor-element elementor-element-b73f5e5 elementor-widget elementor-widget-text-editor\" data-id=\"b73f5e5\" data-element_type=\"widget\" data-widget_type=\"text-editor.default\">\n\t\t\t\t<div class=\"elementor-widget-container\">\n\t\t\t\t\t\t\t\t\t<p>Fundaci\u00f3n reconocida por el Departamento de Justicia de la Generalitat de Catalunya, comprometida con la investigaci\u00f3n y la innovaci\u00f3n en el campo de las fasciopat\u00edas desde 2024.<\/p>\t\t\t\t\t\t\t\t<\/div>\n\t\t\t\t<\/div>\n\t\t\t\t\t<\/div>\n\t\t\t\t<\/div>\n\t\t<div class=\"elementor-element elementor-element-af3483a e-grid e-con-boxed e-con e-parent\" data-id=\"af3483a\" data-element_type=\"container\" data-settings=\"{&quot;background_background&quot;:&quot;classic&quot;}\">\n\t\t\t\t\t<div class=\"e-con-inner\">\n\t\t<div class=\"elementor-element elementor-element-e38270d e-con-full e-flex e-con e-child\" data-id=\"e38270d\" data-element_type=\"container\" data-settings=\"{&quot;background_background&quot;:&quot;classic&quot;}\">\n\t\t\t\t<div class=\"elementor-element elementor-element-2ea057f elementor-widget elementor-widget-heading\" data-id=\"2ea057f\" data-element_type=\"widget\" data-widget_type=\"heading.default\">\n\t\t\t\t<div class=\"elementor-widget-container\">\n\t\t\t\t\t<h2 class=\"elementor-heading-title elementor-size-default\"><a href=\"https:\/\/fasciopathiesresearchfoundation.org\/es\/origenes-y-compromiso\/\">Historia y compromiso<\/a><\/h2>\t\t\t\t<\/div>\n\t\t\t\t<\/div>\n\t\t\t\t<\/div>\n\t\t<div class=\"elementor-element elementor-element-bc91380 e-con-full e-flex e-con e-child\" data-id=\"bc91380\" data-element_type=\"container\" data-settings=\"{&quot;background_background&quot;:&quot;classic&quot;}\">\n\t\t\t\t<div class=\"elementor-element elementor-element-71e045b elementor-widget elementor-widget-heading\" data-id=\"71e045b\" data-element_type=\"widget\" data-widget_type=\"heading.default\">\n\t\t\t\t<div class=\"elementor-widget-container\">\n\t\t\t\t\t<h2 class=\"elementor-heading-title elementor-size-default\"><a href=\"https:\/\/fasciopathiesresearchfoundation.org\/es\/equipo\/\">Conoce al equipo<\/a><\/h2>\t\t\t\t<\/div>\n\t\t\t\t<\/div>\n\t\t\t\t<\/div>\n\t\t<div class=\"elementor-element elementor-element-66a4f61 e-con-full e-flex e-con e-child\" data-id=\"66a4f61\" data-element_type=\"container\" data-settings=\"{&quot;background_background&quot;:&quot;classic&quot;}\">\n\t\t\t\t<div class=\"elementor-element elementor-element-40aa3d6 elementor-widget elementor-widget-heading\" data-id=\"40aa3d6\" data-element_type=\"widget\" data-widget_type=\"heading.default\">\n\t\t\t\t<div class=\"elementor-widget-container\">\n\t\t\t\t\t<h2 class=\"elementor-heading-title elementor-size-default\"><a href=\"https:\/\/fasciopathiesresearchfoundation.org\/es\/proyectos-y-noticias\/\">Proyectos y noticias<\/a><\/h2>\t\t\t\t<\/div>\n\t\t\t\t<\/div>\n\t\t\t\t<\/div>\n\t\t<div class=\"elementor-element elementor-element-0489ada e-con-full e-flex e-con e-child\" data-id=\"0489ada\" data-element_type=\"container\" data-settings=\"{&quot;background_background&quot;:&quot;classic&quot;}\">\n\t\t\t\t<div class=\"elementor-element elementor-element-ae3e2ef elementor-widget elementor-widget-heading\" data-id=\"ae3e2ef\" data-element_type=\"widget\" data-widget_type=\"heading.default\">\n\t\t\t\t<div class=\"elementor-widget-container\">\n\t\t\t\t\t<h2 class=\"elementor-heading-title elementor-size-default\"><a href=\"https:\/\/fasciopathiesresearchfoundation.org\/es\/transparencia\/\">Transparencia<\/a><\/h2>\t\t\t\t<\/div>\n\t\t\t\t<\/div>\n\t\t\t\t<\/div>\n\t\t\t\t\t<\/div>\n\t\t\t\t<\/div>\n\t\t<div class=\"elementor-element elementor-element-c3b3858 e-flex e-con-boxed e-con e-parent\" data-id=\"c3b3858\" data-element_type=\"container\" data-settings=\"{&quot;background_background&quot;:&quot;gradient&quot;}\">\n\t\t\t\t\t<div class=\"e-con-inner\">\n\t\t<a class=\"elementor-element elementor-element-a154387 e-con-full e-flex e-con e-child\" data-id=\"a154387\" data-element_type=\"container\" data-settings=\"{&quot;background_background&quot;:&quot;classic&quot;}\" href=\"http:\/\/fasciopathiesresearchfoundation.org\/videos\/\">\n\t\t\t\t<div class=\"elementor-element elementor-element-7093e40 elementor-widget__width-auto elementor-view-default elementor-widget elementor-widget-icon\" data-id=\"7093e40\" data-element_type=\"widget\" data-widget_type=\"icon.default\">\n\t\t\t\t<div class=\"elementor-widget-container\">\n\t\t\t\t\t\t\t<div class=\"elementor-icon-wrapper\">\n\t\t\t<div class=\"elementor-icon\">\n\t\t\t<svg aria-hidden=\"true\" class=\"e-font-icon-svg e-fab-youtube\" viewBox=\"0 0 576 512\" xmlns=\"http:\/\/www.w3.org\/2000\/svg\"><path d=\"M549.655 124.083c-6.281-23.65-24.787-42.276-48.284-48.597C458.781 64 288 64 288 64S117.22 64 74.629 75.486c-23.497 6.322-42.003 24.947-48.284 48.597-11.412 42.867-11.412 132.305-11.412 132.305s0 89.438 11.412 132.305c6.281 23.65 24.787 41.5 48.284 47.821C117.22 448 288 448 288 448s170.78 0 213.371-11.486c23.497-6.321 42.003-24.171 48.284-47.821 11.412-42.867 11.412-132.305 11.412-132.305s0-89.438-11.412-132.305zm-317.51 213.508V175.185l142.739 81.205-142.739 81.201z\"><\/path><\/svg>\t\t\t<\/div>\n\t\t<\/div>\n\t\t\t\t\t\t<\/div>\n\t\t\t\t<\/div>\n\t\t\t\t<div class=\"elementor-element elementor-element-f2e3a94 elementor-widget elementor-widget-heading\" data-id=\"f2e3a94\" data-element_type=\"widget\" data-widget_type=\"heading.default\">\n\t\t\t\t<div class=\"elementor-widget-container\">\n\t\t\t\t\t<h2 class=\"elementor-heading-title elementor-size-default\">Videos explicativos<br \/>Canal oficial en YouTube<\/h2>\t\t\t\t<\/div>\n\t\t\t\t<\/div>\n\t\t\t\t<\/a>\n\t\t<a class=\"elementor-element elementor-element-d7d2222 e-con-full e-flex e-con e-child\" data-id=\"d7d2222\" data-element_type=\"container\" href=\"http:\/\/fasciopathiesresearchfoundation.org\/involucrat\/\">\n\t\t\t\t<div class=\"elementor-element elementor-element-f3d56b0 elementor-view-default elementor-widget elementor-widget-icon\" data-id=\"f3d56b0\" data-element_type=\"widget\" data-widget_type=\"icon.default\">\n\t\t\t\t<div class=\"elementor-widget-container\">\n\t\t\t\t\t\t\t<div class=\"elementor-icon-wrapper\">\n\t\t\t<div class=\"elementor-icon\">\n\t\t\t<svg aria-hidden=\"true\" class=\"e-font-icon-svg e-fas-thumbs-up\" viewBox=\"0 0 512 512\" xmlns=\"http:\/\/www.w3.org\/2000\/svg\"><path d=\"M104 224H24c-13.255 0-24 10.745-24 24v240c0 13.255 10.745 24 24 24h80c13.255 0 24-10.745 24-24V248c0-13.255-10.745-24-24-24zM64 472c-13.255 0-24-10.745-24-24s10.745-24 24-24 24 10.745 24 24-10.745 24-24 24zM384 81.452c0 42.416-25.97 66.208-33.277 94.548h101.723c33.397 0 59.397 27.746 59.553 58.098.084 17.938-7.546 37.249-19.439 49.197l-.11.11c9.836 23.337 8.237 56.037-9.308 79.469 8.681 25.895-.069 57.704-16.382 74.757 4.298 17.598 2.244 32.575-6.148 44.632C440.202 511.587 389.616 512 346.839 512l-2.845-.001c-48.287-.017-87.806-17.598-119.56-31.725-15.957-7.099-36.821-15.887-52.651-16.178-6.54-.12-11.783-5.457-11.783-11.998v-213.77c0-3.2 1.282-6.271 3.558-8.521 39.614-39.144 56.648-80.587 89.117-113.111 14.804-14.832 20.188-37.236 25.393-58.902C282.515 39.293 291.817 0 312 0c24 0 72 8 72 81.452z\"><\/path><\/svg>\t\t\t<\/div>\n\t\t<\/div>\n\t\t\t\t\t\t<\/div>\n\t\t\t\t<\/div>\n\t\t\t\t<div class=\"elementor-element elementor-element-def1b19 elementor-widget elementor-widget-heading\" data-id=\"def1b19\" data-element_type=\"widget\" data-widget_type=\"heading.default\">\n\t\t\t\t<div class=\"elementor-widget-container\">\n\t\t\t\t\t<h2 class=\"elementor-heading-title elementor-size-default\">\u00bfNos apoyas? <\/h2>\t\t\t\t<\/div>\n\t\t\t\t<\/div>\n\t\t\t\t<div class=\"elementor-element elementor-element-61c941b elementor-widget__width-initial elementor-widget elementor-widget-heading\" data-id=\"61c941b\" data-element_type=\"widget\" data-widget_type=\"heading.default\">\n\t\t\t\t<div class=\"elementor-widget-container\">\n\t\t\t\t\t<h2 class=\"elementor-heading-title elementor-size-default\">Puedes hacerlo aqu\u00ed. \u00danete a nuestra misi\u00f3n, como paciente, profesional m\u00e9dico o investigador.<\/h2>\t\t\t\t<\/div>\n\t\t\t\t<\/div>\n\t\t\t\t<\/a>\n\t\t\t\t\t<\/div>\n\t\t\t\t<\/div>\n\t\t<div class=\"elementor-element elementor-element-58199a3 e-flex e-con-boxed e-con e-parent\" data-id=\"58199a3\" data-element_type=\"container\">\n\t\t\t\t\t<div class=\"e-con-inner\">\n\t\t<div class=\"elementor-element elementor-element-f45998c e-con-full e-flex e-con e-child\" data-id=\"f45998c\" data-element_type=\"container\">\n\t\t\t\t<div class=\"elementor-element elementor-element-115c747 elementor-view-default elementor-widget elementor-widget-icon\" data-id=\"115c747\" data-element_type=\"widget\" data-widget_type=\"icon.default\">\n\t\t\t\t<div class=\"elementor-widget-container\">\n\t\t\t\t\t\t\t<div class=\"elementor-icon-wrapper\">\n\t\t\t<a class=\"elementor-icon\" href=\"https:\/\/www.youtube.com\/@fasciopathiesFoundation\" target=\"_blank\">\n\t\t\t<svg aria-hidden=\"true\" class=\"e-font-icon-svg e-fas-mouse-pointer\" viewBox=\"0 0 320 512\" xmlns=\"http:\/\/www.w3.org\/2000\/svg\"><path d=\"M302.189 329.126H196.105l55.831 135.993c3.889 9.428-.555 19.999-9.444 23.999l-49.165 21.427c-9.165 4-19.443-.571-23.332-9.714l-53.053-129.136-86.664 89.138C18.729 472.71 0 463.554 0 447.977V18.299C0 1.899 19.921-6.096 30.277 5.443l284.412 292.542c11.472 11.179 3.007 31.141-12.5 31.141z\"><\/path><\/svg>\t\t\t<\/a>\n\t\t<\/div>\n\t\t\t\t\t\t<\/div>\n\t\t\t\t<\/div>\n\t\t\t\t<\/div>\n\t\t<div class=\"elementor-element elementor-element-370baa9 e-con-full e-flex e-con e-child\" data-id=\"370baa9\" data-element_type=\"container\">\n\t\t\t\t<div class=\"elementor-element elementor-element-a260708 elementor-widget__width-initial elementor-widget elementor-widget-heading\" data-id=\"a260708\" data-element_type=\"widget\" data-widget_type=\"heading.default\">\n\t\t\t\t<div class=\"elementor-widget-container\">\n\t\t\t\t\t<h5 class=\"elementor-heading-title elementor-size-default\">Visita nuestro sitio web informativo <font size=\"4\"><strong>www.fasciopaties.info<\/strong><\/font><\/h5>\t\t\t\t<\/div>\n\t\t\t\t<\/div>\n\t\t\t\t<div class=\"elementor-element elementor-element-639fc6c elementor-widget elementor-widget-heading\" data-id=\"639fc6c\" data-element_type=\"widget\" data-widget_type=\"heading.default\">\n\t\t\t\t<div class=\"elementor-widget-container\">\n\t\t\t\t\t<h2 class=\"elementor-heading-title elementor-size-default\">PR\u00d3XIMAMENTE<\/h2>\t\t\t\t<\/div>\n\t\t\t\t<\/div>\n\t\t\t\t<div class=\"elementor-element elementor-element-62d9362 elementor-widget elementor-widget-text-editor\" data-id=\"62d9362\" data-element_type=\"widget\" data-widget_type=\"text-editor.default\">\n\t\t\t\t<div class=\"elementor-widget-container\">\n\t\t\t\t\t\t\t\t\t<p>Patrocinado por la Fasciopathies Research Foundation, este portal es tu centro de recursos sobre fasciopat\u00edas, con informaci\u00f3n actualizada regularmente sobre los \u00faltimos avances cient\u00edficos para pacientes, profesionales de la salud e investigadores.<\/p>\t\t\t\t\t\t\t\t<\/div>\n\t\t\t\t<\/div>\n\t\t\t\t<\/div>\n\t\t<div class=\"elementor-element elementor-element-b01a400 e-con-full elementor-hidden-mobile e-flex e-con e-child\" data-id=\"b01a400\" data-element_type=\"container\">\n\t\t\t\t<\/div>\n\t\t\t\t\t<\/div>\n\t\t\t\t<\/div>\n\t\t\t\t<\/div>\n\t\t","protected":false},"excerpt":{"rendered":"<p>Fasciopathies Research Foundation Impulsando el cambio en la investigaci\u00f3n de las fasciopat\u00edas. Nuestros principales objetivos son: Crear conciencia sobre la necesidad de estudiar la disfunci\u00f3n fascial. Establecernos como un punto de referencia para avanzar en la investigaci\u00f3n en esta \u00e1rea de la ciencia m\u00e9dica, a menudo ignorada. Desarrollar tratamientos innovadores que mejoren significativamente la salud [&hellip;]<\/p>\n","protected":false},"author":1,"featured_media":0,"parent":0,"menu_order":1,"comment_status":"closed","ping_status":"closed","template":"","meta":{"footnotes":""},"class_list":["post-27","page","type-page","status-publish","hentry"],"_links":{"self":[{"href":"https:\/\/fasciopathiesresearchfoundation.org\/es\/wp-json\/wp\/v2\/pages\/27","targetHints":{"allow":["GET"]}}],"collection":[{"href":"https:\/\/fasciopathiesresearchfoundation.org\/es\/wp-json\/wp\/v2\/pages"}],"about":[{"href":"https:\/\/fasciopathiesresearchfoundation.org\/es\/wp-json\/wp\/v2\/types\/page"}],"author":[{"embeddable":true,"href":"https:\/\/fasciopathiesresearchfoundation.org\/es\/wp-json\/wp\/v2\/users\/1"}],"replies":[{"embeddable":true,"href":"https:\/\/fasciopathiesresearchfoundation.org\/es\/wp-json\/wp\/v2\/comments?post=27"}],"version-history":[{"count":142,"href":"https:\/\/fasciopathiesresearchfoundation.org\/es\/wp-json\/wp\/v2\/pages\/27\/revisions"}],"predecessor-version":[{"id":1078,"href":"https:\/\/fasciopathiesresearchfoundation.org\/es\/wp-json\/wp\/v2\/pages\/27\/revisions\/1078"}],"wp:attachment":[{"href":"https:\/\/fasciopathiesresearchfoundation.org\/es\/wp-json\/wp\/v2\/media?parent=27"}],"curies":[{"name":"wp","href":"https:\/\/api.w.org\/{rel}","templated":true}]}}